{"id":174,"date":"2021-02-28T20:19:59","date_gmt":"2021-02-28T20:19:59","guid":{"rendered":"https:\/\/x-theme.net\/avas-ebook\/?page_id=174"},"modified":"2023-02-22T17:59:13","modified_gmt":"2023-02-22T10:59:13","slug":"blog","status":"publish","type":"page","link":"https:\/\/www.mcteambuilding.com\/vn\/blog\/","title":{"rendered":"Blog"},"content":{"rendered":"\t\t<div data-elementor-type=\"wp-page\" data-elementor-id=\"174\" class=\"elementor elementor-174\">\n\t\t\t\t\t\t<section class=\"elementor-section elementor-top-section elementor-element elementor-element-234985f5 elementor-section-stretched elementor-section-boxed elementor-section-height-default elementor-section-height-default\" data-id=\"234985f5\" data-element_type=\"section\" data-e-type=\"section\" data-settings=\"{&quot;stretch_section&quot;:&quot;section-stretched&quot;}\">\n\t\t\t\t\t\t<div class=\"elementor-container elementor-column-gap-default\">\n\t\t\t\t\t<div class=\"elementor-column elementor-col-100 elementor-top-column elementor-element elementor-element-26d3d441\" data-id=\"26d3d441\" data-element_type=\"column\" data-e-type=\"column\">\n\t\t\t<div class=\"elementor-widget-wrap elementor-element-populated\">\n\t\t\t\t\t\t<div class=\"elementor-element elementor-element-58c7746c elementor-widget elementor-widget-avas-post-alter\" data-id=\"58c7746c\" data-element_type=\"widget\" data-e-type=\"widget\" data-widget_type=\"avas-post-alter.default\">\n\t\t\t\t<div class=\"elementor-widget-container\">\n\t\t\t\t\t            <div class=\"tx-post-alter-wrap\">\n\n                <div class=\"tx-post-alter-image-content\">\n                                            <div class=\"featured-thumb\">\n                                                        <img decoding=\"async\" src=\"https:\/\/www.mcteambuilding.com\/vn\/wp-content\/uploads\/2020\/08\/cho-thue-mc-team-building-tphcm.gif\" alt=\"Cho Thu\u00ea MC Team Building T\u1ea1i TPHCM\">\n                        <\/div><!-- featured-thumb -->\n                                    <\/div><!-- tx-post-alter-image-content -->\n\n                                <div class=\"tx-post-alter-text-content\">\n                                            <h3 class=\"tx-post-alter-title\">\n                           <a href=\"https:\/\/www.mcteambuilding.com\/vn\/cho-thue-mc-team-building-tai-tphcm\/\" title=\"Cho Thu\u00ea MC Team Building T\u1ea1i TPHCM\" rel=\"bookmark\">\n                            Cho Thu\u00ea MC Team Building T\u1ea1i TPHCM                            <\/a>\n                        <\/h3>\n                    \n                                            <div class=\"entry-meta\">\n                            <span class=\"post-time\"><i class=\"bi bi-clock\"><\/i> 8 Th\u00e1ng 8, 2021<\/span>                                                        <span class=\"comments-link\"><i class=\"bi bi-chat\"><\/i> <a href=\"https:\/\/www.mcteambuilding.com\/vn\/cho-thue-mc-team-building-tai-tphcm\/#comments\">30 Comments<\/a><\/span>                            <span class=\"post-views\"><i class=\"bi bi-eye\"><\/i> 1668 <span>Views<\/span><\/span>                        <\/div>\n                    <!-- .entry-meta -->\n                                            <div class=\"tx-post-alter-desc\">Mc team building chuy\u00ean nghi\u1ec7p, d\u1ecbch v\u1ee5 cho thu\u00ea mc team building t\u1ea1i TPHCM uy t\u00edn ch\u1ea5t l\u01b0\u1ee3ng nh\u1ea5t. Ch\u00fang t\u00f4i c\u00f3 \u0111\u1ed9i <\/div>\n                                                                <a class=\"tx-post-read-more\" href=\"https:\/\/www.mcteambuilding.com\/vn\/cho-thue-mc-team-building-tai-tphcm\/\">Read More<\/a>\n                                    <\/div><!-- tx-post-alter-text-content -->\n                \n            <\/div><!-- tx-post-alter-wrap -->\n                    <div class=\"tx-post-alter-wrap\">\n\n                <div class=\"tx-post-alter-image-content\">\n                                            <div class=\"featured-thumb\">\n                                                        <img decoding=\"async\" src=\"https:\/\/www.mcteambuilding.com\/vn\/wp-content\/uploads\/2020\/04\/minefield-team-building-game.jpg\" alt=\"Tr\u00f2 Ch\u01a1i Team Building V\u01b0\u1ee3t B\u00e3i M\u00ecn\">\n                        <\/div><!-- featured-thumb -->\n                                    <\/div><!-- tx-post-alter-image-content -->\n\n                                <div class=\"tx-post-alter-text-content\">\n                                            <h3 class=\"tx-post-alter-title\">\n                           <a href=\"https:\/\/www.mcteambuilding.com\/vn\/tro-choi-team-building-vuot-bai-min\/\" title=\"Tr\u00f2 Ch\u01a1i Team Building V\u01b0\u1ee3t B\u00e3i M\u00ecn\" rel=\"bookmark\">\n                            Tr\u00f2 Ch\u01a1i Team Building V\u01b0\u1ee3t B\u00e3i M\u00ecn                            <\/a>\n                        <\/h3>\n                    \n                                            <div class=\"entry-meta\">\n                            <span class=\"post-time\"><i class=\"bi bi-clock\"><\/i> 20 Th\u00e1ng 9, 2020<\/span>                                                        <span class=\"comments-link\"><i class=\"bi bi-chat\"><\/i> <a href=\"https:\/\/www.mcteambuilding.com\/vn\/tro-choi-team-building-vuot-bai-min\/#comments\">3 Comments<\/a><\/span>                            <span class=\"post-views\"><i class=\"bi bi-eye\"><\/i> 1893 <span>Views<\/span><\/span>                        <\/div>\n                    <!-- .entry-meta -->\n                                            <div class=\"tx-post-alter-desc\">Tr\u00f2 ch\u01a1i team building V\u01b0\u1ee3t B\u00e3i M\u00ecn l\u00e0 tr\u00f2 ch\u01a1i m\u00f4 t\u1ea3 v\u1ec1 ho\u1ea1t \u0111\u1ed9ng x\u00e2y d\u1ef1ng m\u1ed1i quan h\u1ec7 & truy\u1ec1n th\u00f4ng. <\/div>\n                                                                <a class=\"tx-post-read-more\" href=\"https:\/\/www.mcteambuilding.com\/vn\/tro-choi-team-building-vuot-bai-min\/\">Read More<\/a>\n                                    <\/div><!-- tx-post-alter-text-content -->\n                \n            <\/div><!-- tx-post-alter-wrap -->\n                    <div class=\"tx-post-alter-wrap\">\n\n                <div class=\"tx-post-alter-image-content\">\n                                            <div class=\"featured-thumb\">\n                                                        <img decoding=\"async\" src=\"https:\/\/www.mcteambuilding.com\/vn\/wp-content\/uploads\/2020\/08\/cho-thue-mc-team-building-tai-binh-duong-scaled.jpg\" alt=\"MC Team Building T\u1ea1i B\u00ecnh D\u01b0\u01a1ng\">\n                        <\/div><!-- featured-thumb -->\n                                    <\/div><!-- tx-post-alter-image-content -->\n\n                                <div class=\"tx-post-alter-text-content\">\n                                            <h3 class=\"tx-post-alter-title\">\n                           <a href=\"https:\/\/www.mcteambuilding.com\/vn\/cho-thue-mc-team-building-tai-binh-duong\/\" title=\"MC Team Building T\u1ea1i B\u00ecnh D\u01b0\u01a1ng\" rel=\"bookmark\">\n                            MC Team Building T\u1ea1i B\u00ecnh D\u01b0\u01a1ng                            <\/a>\n                        <\/h3>\n                    \n                                            <div class=\"entry-meta\">\n                            <span class=\"post-time\"><i class=\"bi bi-clock\"><\/i> 31 Th\u00e1ng 8, 2020<\/span>                                                        <span class=\"comments-link\"><i class=\"bi bi-chat\"><\/i> <a href=\"https:\/\/www.mcteambuilding.com\/vn\/cho-thue-mc-team-building-tai-binh-duong\/#comments\">2 Comments<\/a><\/span>                            <span class=\"post-views\"><i class=\"bi bi-eye\"><\/i> 1436 <span>Views<\/span><\/span>                        <\/div>\n                    <!-- .entry-meta -->\n                                            <div class=\"tx-post-alter-desc\">Cho thu\u00ea mc team building t\u1ea1i B\u00ecnh D\u01b0\u01a1ng v\u1edbi mc gi\u00e0u kinh nghi\u1ec7m, t\u01b0 v\u1ea5n t\u1eadn t\u00ecnh, tr\u00f2 ch\u01a1i phong ph\u00fa, s\u00e1ng t\u1ea1o, <\/div>\n                                                                <a class=\"tx-post-read-more\" href=\"https:\/\/www.mcteambuilding.com\/vn\/cho-thue-mc-team-building-tai-binh-duong\/\">Read More<\/a>\n                                    <\/div><!-- tx-post-alter-text-content -->\n                \n            <\/div><!-- tx-post-alter-wrap -->\n                    <div class=\"tx-post-alter-wrap\">\n\n                <div class=\"tx-post-alter-image-content\">\n                                            <div class=\"featured-thumb\">\n                                                        <img decoding=\"async\" src=\"https:\/\/www.mcteambuilding.com\/vn\/wp-content\/uploads\/2020\/04\/Zoom_ReZoom_0.jpg\" alt=\"Tr\u00f2 Ch\u01a1i Ph\u00f3ng To v\u00e0 Thu Nh\u1ecf\">\n                        <\/div><!-- featured-thumb -->\n                                    <\/div><!-- tx-post-alter-image-content -->\n\n                                <div class=\"tx-post-alter-text-content\">\n                                            <h3 class=\"tx-post-alter-title\">\n                           <a href=\"https:\/\/www.mcteambuilding.com\/vn\/tro-choi-team-building-phong-to-va-thu-nho\/\" title=\"Tr\u00f2 Ch\u01a1i Ph\u00f3ng To v\u00e0 Thu Nh\u1ecf\" rel=\"bookmark\">\n                            Tr\u00f2 Ch\u01a1i Ph\u00f3ng To v\u00e0 Thu Nh\u1ecf                            <\/a>\n                        <\/h3>\n                    \n                                            <div class=\"entry-meta\">\n                            <span class=\"post-time\"><i class=\"bi bi-clock\"><\/i> 20 Th\u00e1ng 4, 2020<\/span>                                                        <span class=\"comments-link\"><i class=\"bi bi-chat\"><\/i> <a href=\"https:\/\/www.mcteambuilding.com\/vn\/tro-choi-team-building-phong-to-va-thu-nho\/#comments\">2 Comments<\/a><\/span>                            <span class=\"post-views\"><i class=\"bi bi-eye\"><\/i> 1495 <span>Views<\/span><\/span>                        <\/div>\n                    <!-- .entry-meta -->\n                                            <div class=\"tx-post-alter-desc\">Tr\u00f2 ch\u01a1i n\u00e0y d\u1ef1a tr\u00ean nh\u1eefng cu\u1ed1n s\u00e1ch h\u00ecnh \u1ea3nh h\u1ea5p d\u1eabn, kh\u00f4ng l\u1eddi, trong cu\u1ed1n s\u00e1ch Zoom Zoom, v\u00e0 Re Re Zoom <\/div>\n                                                                <a class=\"tx-post-read-more\" href=\"https:\/\/www.mcteambuilding.com\/vn\/tro-choi-team-building-phong-to-va-thu-nho\/\">Read More<\/a>\n                                    <\/div><!-- tx-post-alter-text-content -->\n                \n            <\/div><!-- tx-post-alter-wrap -->\n                \n            <div class=\"tx-clear\"><\/div>\n\n            <!-- pagination -->\n            <nav class='tx-pagination'><span aria-label=\"Trang 1\" aria-current=\"page\" class=\"page-numbers current\">1<\/span>\n<a aria-label=\"Trang 2\" class=\"page-numbers\" href=\"https:\/\/www.mcteambuilding.com\/vn\/wp-json\/wp\/v2\/pages\/174\/page\/2\">2<\/a>\n<a class=\"next page-numbers\" href=\"https:\/\/www.mcteambuilding.com\/vn\/wp-json\/wp\/v2\/pages\/174\/page\/2\"><span class=\"tx-sr-only\">Next page<\/span><i class=\"bi bi-arrow-right\" aria-hidden=\"true\"><\/i><\/a><\/nav>\n\t\t\t\t<\/div>\n\t\t\t\t<\/div>\n\t\t\t\t\t<\/div>\n\t\t<\/div>\n\t\t\t\t\t<\/div>\n\t\t<\/section>\n\t\t\t\t<\/div>\n\t\t\n\n<div class=\"kk-star-ratings kksr-auto kksr-align-left kksr-valign-bottom\"\n    data-payload='{&quot;align&quot;:&quot;left&quot;,&quot;id&quot;:&quot;30&quot;,&quot;slug&quot;:&quot;default&quot;,&quot;valign&quot;:&quot;bottom&quot;,&quot;ignore&quot;:&quot;&quot;,&quot;reference&quot;:&quot;auto&quot;,&quot;class&quot;:&quot;&quot;,&quot;count&quot;:&quot;19&quot;,&quot;legendonly&quot;:&quot;&quot;,&quot;readonly&quot;:&quot;&quot;,&quot;score&quot;:&quot;5&quot;,&quot;starsonly&quot;:&quot;&quot;,&quot;best&quot;:&quot;5&quot;,&quot;gap&quot;:&quot;6&quot;,&quot;greet&quot;:&quot;Rate this post&quot;,&quot;legend&quot;:&quot;5\\\/5 - (19 b\u00ecnh ch\u1ecdn)&quot;,&quot;size&quot;:&quot;25&quot;,&quot;title&quot;:&quot;Tr\u00f2 Ch\u01a1i Ph\u00f3ng To v\u00e0 Thu Nh\u1ecf&quot;,&quot;width&quot;:&quot;152&quot;,&quot;_legend&quot;:&quot;{score}\\\/{best} - ({count} {votes})&quot;,&quot;font_factor&quot;:&quot;1.25&quot;}'>\n            \n<div class=\"kksr-stars\">\n    \n<div class=\"kksr-stars-inactive\">\n            <div class=\"kksr-star\" data-star=\"1\" style=\"padding-right: 6px\">\n            \n\n<div class=\"kksr-icon\" style=\"width: 25px; height: 25px;\"><\/div>\n        <\/div>\n            <div class=\"kksr-star\" data-star=\"2\" style=\"padding-right: 6px\">\n            \n\n<div class=\"kksr-icon\" style=\"width: 25px; height: 25px;\"><\/div>\n        <\/div>\n            <div class=\"kksr-star\" data-star=\"3\" style=\"padding-right: 6px\">\n            \n\n<div class=\"kksr-icon\" style=\"width: 25px; height: 25px;\"><\/div>\n        <\/div>\n            <div class=\"kksr-star\" data-star=\"4\" style=\"padding-right: 6px\">\n            \n\n<div class=\"kksr-icon\" style=\"width: 25px; height: 25px;\"><\/div>\n        <\/div>\n            <div class=\"kksr-star\" data-star=\"5\" style=\"padding-right: 6px\">\n            \n\n<div class=\"kksr-icon\" style=\"width: 25px; height: 25px;\"><\/div>\n        <\/div>\n    <\/div>\n    \n<div class=\"kksr-stars-active\" style=\"width: 152px;\">\n            <div class=\"kksr-star\" style=\"padding-right: 6px\">\n            \n\n<div class=\"kksr-icon\" style=\"width: 25px; height: 25px;\"><\/div>\n        <\/div>\n            <div class=\"kksr-star\" style=\"padding-right: 6px\">\n            \n\n<div class=\"kksr-icon\" style=\"width: 25px; height: 25px;\"><\/div>\n        <\/div>\n            <div class=\"kksr-star\" style=\"padding-right: 6px\">\n            \n\n<div class=\"kksr-icon\" style=\"width: 25px; height: 25px;\"><\/div>\n        <\/div>\n            <div class=\"kksr-star\" style=\"padding-right: 6px\">\n            \n\n<div class=\"kksr-icon\" style=\"width: 25px; height: 25px;\"><\/div>\n        <\/div>\n            <div class=\"kksr-star\" style=\"padding-right: 6px\">\n            \n\n<div class=\"kksr-icon\" style=\"width: 25px; height: 25px;\"><\/div>\n        <\/div>\n    <\/div>\n<\/div>\n                \n\n<div class=\"kksr-legend\" style=\"font-size: 20px;\">\n            5\/5 - (19 b\u00ecnh ch\u1ecdn)    <\/div>\n    <\/div>\n","protected":false},"excerpt":{"rendered":"<p class=\"tx-excerpt\">MC Team Building T\u1ea1i TPHCM Th8 8, 2021 21 Comments 83 Views Mc team building chuy\u00ean nghi\u1ec7p, d\u1ecbch v\u1ee5 cho [&hellip;]\n<\/p>","protected":false},"author":1,"featured_media":0,"parent":0,"menu_order":0,"comment_status":"closed","ping_status":"closed","template":"","meta":{"footnotes":""},"class_list":["post-174","page","type-page","status-publish","hentry"],"_links":{"self":[{"href":"https:\/\/www.mcteambuilding.com\/vn\/wp-json\/wp\/v2\/pages\/174","targetHints":{"allow":["GET"]}}],"collection":[{"href":"https:\/\/www.mcteambuilding.com\/vn\/wp-json\/wp\/v2\/pages"}],"about":[{"href":"https:\/\/www.mcteambuilding.com\/vn\/wp-json\/wp\/v2\/types\/page"}],"author":[{"embeddable":true,"href":"https:\/\/www.mcteambuilding.com\/vn\/wp-json\/wp\/v2\/users\/1"}],"replies":[{"embeddable":true,"href":"https:\/\/www.mcteambuilding.com\/vn\/wp-json\/wp\/v2\/comments?post=174"}],"version-history":[{"count":4,"href":"https:\/\/www.mcteambuilding.com\/vn\/wp-json\/wp\/v2\/pages\/174\/revisions"}],"predecessor-version":[{"id":1380,"href":"https:\/\/www.mcteambuilding.com\/vn\/wp-json\/wp\/v2\/pages\/174\/revisions\/1380"}],"wp:attachment":[{"href":"https:\/\/www.mcteambuilding.com\/vn\/wp-json\/wp\/v2\/media?parent=174"}],"curies":[{"name":"wp","href":"https:\/\/api.w.org\/{rel}","templated":true}]}}